{"id":946,"date":"2020-10-15T16:54:20","date_gmt":"2020-10-15T16:54:20","guid":{"rendered":"https:\/\/locationdetapis.com\/our-carpets-essential-for-fall-and-slip-prevention\/"},"modified":"2020-10-28T14:41:01","modified_gmt":"2020-10-28T14:41:01","slug":"our-carpets-essential-for-fall-and-slip-prevention","status":"publish","type":"page","link":"https:\/\/locationdetapis.com\/en\/our-carpets-essential-for-fall-and-slip-prevention\/","title":{"rendered":"Our carpets: Essential for fall and slip prevention"},"content":{"rendered":"<h2>\n\t\t<b>Friendly<\/b><br> Employees\n\t<\/h2>\n<h2>\n\t\t<b>More than 1000 satisfied<\/b><br>Customers\n\t<\/h2>\n<h2>\n\t\t<b>Cleaning carpets<\/b><br>Is our business!\n\t<\/h2>\n\t\t\t\t<img loading=\"lazy\" src=\"https:\/\/locationdetapis.com\/wp-content\/uploads\/2020\/10\/com-te.png\" alt=\"com-te\" itemprop=\"image\" height=\"213\" width=\"493\" title=\"com-te\" onerror=\"this.style.display='none'\"  \/>\n\t<p>OUR<strong> CUSTOMER SATISFACTION<\/strong> <i aria-hidden=\"true\"> <\/i> <i aria-hidden=\"true\"> <\/i> <i aria-hidden=\"true\"> <\/i> <i aria-hidden=\"true\"> <\/i> <i aria-hidden=\"true\"> <\/i><\/p>\n<h2>\n\t\tOur carpets: Essential for fall and slip prevention\n\t<\/h2>\n\t<p><strong>PREVENTION OF FALLS AND SLIPS IN THE WORKPLACE<\/strong><\/p>\nSeveral government organizations are involved in prevention in various workplaces to encourage companies to take simple actions that can have a considerable impact on the safety of their customers and employees.<br \/>\nThe ASSTSAS (Association paritaire pour la sant\u00e9 et la s\u00e9curit\u00e9 du travail du secteur travail social), and the CNESST (Commission des normes, de l&#8217;\u00e9quit\u00e9, de la sant\u00e9 et de la s\u00e9curit\u00e9 au travail) agree that slips and falls account for a large proportion of accidents that occur in the workplace. For example, in the public service sector, they account for 23% of all injuries reported to CNESST, or 26% of all lost days. Of these falls or slips, 57% are said to be caused by a problem at ground level or coming from an interior floor.\n<p><strong>WHEN AND WHY DO SLIPS OCCUR?<\/strong><\/p>\n<p>&#8220;Slips occur when there is too little friction or adhesion between the shoes and the walking surface. &#8220;(CCHST, January 2013). Here are the most common causes of slips in the workplace (1) :<\/p>\n1- Wet or greasy surfaces<br \/>\n2- Accidental spills<br \/>\n3- Bad weather<br \/>\n4- Loose or poorly fixed carpet or floor covering<br \/>\n5- Floor covering or other walking surfaces that have different degrees of adhesion<br \/>\nfrom one place to another.\nFalls can also be caused by accidental tripping. This can occur for a lot of reasons, including the following (2):<br \/>\n1- Uneven walking surfaces<br \/>\n2- Poorly closed drawers near the floor<br \/>\n3- Uncovered cables<br \/>\n4- Wrinkled carpets<br \/>\n5- Clutter<br \/>\n6- Inadequate lighting<br \/>\n7- Obstructed view\nHere are some tips that these organizations mention that reduce the risk of falls and slips in your establishment (3):<br \/>\n1- Keep the floors clean and dry: wipe spills quickly, wipe your feet as you enter, do not circulate in areas that are being cleaned.<br \/>\n2- Keep the floor coverings in good condition: fix carpets and repair damaged floors.<br \/>\n3- Keep the stairs safe: check the height of the handrail and carefully maintain the steps.<br \/>\n4- Avoid clutter and dragging wires: organize storage areas and use cable holder.<br \/>\n5- Use adequate lighting and keep a clear view.<br \/>\n6- Ensure good floor drainage: clean floor grates.<br \/>\n7- Maintain the outdoor area: remove rocks, leaves, branches from walking areas and use visual cues to identify obstacles.<br \/>\n8- In the winter, beware of snow and ice: carefully maintain parking lots and entrances of the building(s).<br \/>\n9- Properly use footboards, stools or step ladders, when needed.<br \/>\n10- Control temperature contrasts that create condensation and frost on the ground.\n<p>In short, according to ASSTSAS, CCHST and CNESST, the condition of floors, carpets and entrances to commercial buildings is a priority to ensure the safety of employees and customers who go around.<\/p>\n[1] CCHST, Pr\u00e9vention contre les chutes \u2013 Comment \u00e9viter de glisser, de tr\u00e9bucher et de tomber. January 2013.<br \/>\n[2] CCHST, Pr\u00e9vention contre les chutes \u2013 Comment \u00e9viter de glisser, de tr\u00e9bucher et de tomber. January 2013.<br \/>\n[3] ASSTSAS, Les chutes et les glissades au travail, \u00e7a tombe toujours mal. 2014.\n<p>SLTC FOR SAFETY!<\/p>\n<p>Service de location tapis commercial inc. offers you entrance carpets that do not wrinkle, that will protect your floors and absorb a large amount of water to reduce the risk of falls and slips in your establishment. Call us now for a free estimate!<\/p>\n<h2>\n\t\tNEED AN ESTIMATE?\n\t<\/h2>\n\t<div class=\"forminator-ui forminator-custom-form forminator-custom-form-917 forminator-design--material  \" data-forminator-render=\"0\" data-form=\"forminator-module-917\" data-uid=\"69f179621371d\"><br\/><\/div><form\n\t\t\t\tid=\"forminator-module-917\"\n\t\t\t\tclass=\"forminator-ui forminator-custom-form forminator-custom-form-917 forminator-design--material  \"\n\t\t\t\tmethod=\"post\"\n\t\t\t\tdata-forminator-render=\"0\"\n\t\t\t\tdata-form-id=\"917\"\n\t\t\t\t\n\t\t\t\tdata-design=\"material\"\n\t\t\t\t\n\t\t\t\t\n\t\t\t\t\n\t\t\t\tdata-grid=\"open\"\n\t\t\t\t\n\t\t\t\t\n\t\t\t\tstyle=\"display: none;\"\n\t\t\t\t\n\t\t\t\tdata-uid=\"69f179621371d\"\n\t\t\t><div class=\"forminator-response-message forminator-error\" aria-hidden=\"true\"><\/div><div class=\"forminator-row\"><div id=\"name-1\" class=\"forminator-col forminator-col-12 \"><div class=\"forminator-row\" data-multiple=\"true\"><div class=\"forminator-col forminator-col-12\"><div class=\"forminator-field\"><label for=\"forminator-field-first-name-1_69f179621371d\" class=\"forminator-label\">Your Name <span class=\"forminator-required\">*<\/span><\/label><input type=\"text\" name=\"name-1-first-name\" placeholder=\"ex: Johnny\" id=\"forminator-field-first-name-1_69f179621371d\" class=\"forminator-input\" aria-required=\"true\" data-multi=\"1\" value=\"\" \/><\/div><\/div><\/div><\/div><\/div><div class=\"forminator-row\"><div id=\"text-1\" class=\"forminator-col forminator-col-12 \"><div class=\"forminator-field\"><label for=\"forminator-field-text-1_69f179621371d\" class=\"forminator-label\">Your company <span class=\"forminator-required\">*<\/span><\/label><input type=\"text\" name=\"text-1\" value=\"\" placeholder=\"ex: Company x\" id=\"forminator-field-text-1_69f179621371d\" class=\"forminator-input forminator-name--field\" data-required=\"1\" \/><\/div><\/div><\/div><div class=\"forminator-row\"><div id=\"phone-1\" class=\"forminator-col forminator-col-12 \"><div class=\"forminator-field\"><label for=\"forminator-field-phone-1_69f179621371d\" class=\"forminator-label\">Telephone <span class=\"forminator-required\">*<\/span><\/label><input type=\"text\" name=\"phone-1\" value=\"\" placeholder=\"ex: 450-555-5555\" id=\"forminator-field-phone-1_69f179621371d\" class=\"forminator-input forminator-field--phone\" data-required=\"1\" aria-required=\"true\" autocomplete=\"off\" \/><\/div><\/div><\/div><div class=\"forminator-row\"><div id=\"email-1\" class=\"forminator-col forminator-col-12 \"><div class=\"forminator-field\"><label for=\"forminator-field-email-1_69f179621371d\" class=\"forminator-label\">Your e-mail <span class=\"forminator-required\">*<\/span><\/label><input type=\"email\" name=\"email-1\" value=\"\" placeholder=\"ex: johnny@aol.com\" id=\"forminator-field-email-1_69f179621371d\" class=\"forminator-input forminator-email--field\" data-required=\"1\" aria-required=\"true\" \/><\/div><\/div><\/div><div class=\"forminator-row\"><div id=\"text-2\" class=\"forminator-col forminator-col-12 \"><div class=\"forminator-field\"><label for=\"forminator-field-text-2_69f179621371d\" class=\"forminator-label\">Your city <span class=\"forminator-required\">*<\/span><\/label><input type=\"text\" name=\"text-2\" value=\"\" placeholder=\"ex: Montr\u00e9al\" id=\"forminator-field-text-2_69f179621371d\" class=\"forminator-input forminator-name--field\" data-required=\"1\" \/><\/div><\/div><\/div><div class=\"forminator-row\"><div id=\"textarea-1\" class=\"forminator-col forminator-col-12 \"><div class=\"forminator-field\"><label for=\"forminator-field-textarea-1_69f179621371d\" class=\"forminator-label\">More information<\/label><textarea name=\"textarea-1\" placeholder=\"\" id=\"forminator-field-textarea-1_69f179621371d\" class=\"forminator-textarea\" rows=\"6\" style=\"min-height:140px;\" ><\/textarea><\/div><\/div><\/div><div class=\"forminator-row\"><div id=\"captcha-1\" class=\"forminator-col forminator-col-12  #captcha-1 {visibility: hidden;}\"><div class=\"forminator-g-recaptcha recaptcha-invisible\" data-theme=\"light\" data-badge=\"inline\" data-sitekey=\"6LcVH-wgAAAAALyJjSk8z0i4IOSoNL73Vin-h9t6\" data-size=\"invisible\"><\/div> <\/div><\/div><input type=\"hidden\" name=\"referer_url\" value=\"\" \/><div class=\"forminator-row forminator-row-last\"><div class=\"forminator-col\"><div class=\"forminator-field\"><button class=\"forminator-button forminator-button-submit\"><span>Submit<\/span><span aria-hidden=\"true\"><\/span><\/button><\/div><\/div><\/div><input type=\"hidden\" id=\"forminator_nonce\" name=\"forminator_nonce\" value=\"d60b3c0632\" \/><input type=\"hidden\" name=\"_wp_http_referer\" value=\"\/en\/wp-json\/wp\/v2\/pages\/946\" \/><input type=\"hidden\" name=\"form_id\" value=\"917\"><input type=\"hidden\" name=\"page_id\" value=\"946\"><input type=\"hidden\" name=\"form_type\" value=\"\"><input type=\"hidden\" name=\"current_url\" value=\"https:\/\/locationdetapis.com\/en\/our-carpets-essential-for-fall-and-slip-prevention\/\"><input type=\"hidden\" name=\"render_id\" value=\"0\"><input type=\"hidden\" name=\"action\" value=\"forminator_submit_form_custom-forms\"><\/form>\n","protected":false},"excerpt":{"rendered":"<p>Friendly Employees More than 1000 satisfiedCustomers Cleaning carpetsIs our business! OUR CUSTOMER SATISFACTION Our carpets: Essential for fall and slip prevention PREVENTION OF FALLS AND SLIPS IN THE WORKPLACE Several government organizations are involved in prevention in various workplaces to encourage companies to take simple actions that can have a considerable impact on the safety &hellip;<\/p>\n<p class=\"read-more\"> <a class=\"\" href=\"https:\/\/locationdetapis.com\/en\/our-carpets-essential-for-fall-and-slip-prevention\/\"> <span class=\"screen-reader-text\">Our carpets: Essential for fall and slip prevention<\/span> Read More &raquo;<\/a><\/p>\n","protected":false},"author":1,"featured_media":0,"parent":0,"menu_order":0,"comment_status":"closed","ping_status":"closed","template":"","meta":{"site-sidebar-layout":"no-sidebar","site-content-layout":"page-builder","ast-global-header-display":"","ast-main-header-display":"","ast-hfb-above-header-display":"","ast-hfb-below-header-display":"","ast-hfb-mobile-header-display":"","site-post-title":"disabled","ast-breadcrumbs-content":"","ast-featured-img":"disabled","footer-sml-layout":"","theme-transparent-header-meta":"default","adv-header-id-meta":"","stick-header-meta":"","header-above-stick-meta":"","header-main-stick-meta":"","header-below-stick-meta":""},"aioseo_notices":[],"_links":{"self":[{"href":"https:\/\/locationdetapis.com\/en\/wp-json\/wp\/v2\/pages\/946"}],"collection":[{"href":"https:\/\/locationdetapis.com\/en\/wp-json\/wp\/v2\/pages"}],"about":[{"href":"https:\/\/locationdetapis.com\/en\/wp-json\/wp\/v2\/types\/page"}],"author":[{"embeddable":true,"href":"https:\/\/locationdetapis.com\/en\/wp-json\/wp\/v2\/users\/1"}],"replies":[{"embeddable":true,"href":"https:\/\/locationdetapis.com\/en\/wp-json\/wp\/v2\/comments?post=946"}],"version-history":[{"count":3,"href":"https:\/\/locationdetapis.com\/en\/wp-json\/wp\/v2\/pages\/946\/revisions"}],"predecessor-version":[{"id":1046,"href":"https:\/\/locationdetapis.com\/en\/wp-json\/wp\/v2\/pages\/946\/revisions\/1046"}],"wp:attachment":[{"href":"https:\/\/locationdetapis.com\/en\/wp-json\/wp\/v2\/media?parent=946"}],"curies":[{"name":"wp","href":"https:\/\/api.w.org\/{rel}","templated":true}]}}